{"id":15298,"date":"2025-03-18T15:08:57","date_gmt":"2025-03-18T20:08:57","guid":{"rendered":"https:\/\/voy.pe\/uni6a\/?page_id=15298"},"modified":"2025-03-18T15:28:30","modified_gmt":"2025-03-18T20:28:30","slug":"el-coliseo-guido-del-castillo","status":"publish","type":"page","link":"https:\/\/voy.pe\/uni6a\/el-coliseo-guido-del-castillo\/","title":{"rendered":"El Coliseo Guido Del Castillo"},"content":{"rendered":"\t\t<div data-elementor-type=\"wp-page\" data-elementor-id=\"15298\" class=\"elementor elementor-15298\">\n\t\t\t\t<div class=\"elementor-element elementor-element-a5742a9 e-flex e-con-boxed e-con e-parent\" data-id=\"a5742a9\" data-element_type=\"container\" data-e-type=\"container\">\n\t\t\t\t\t<div class=\"e-con-inner\">\n\t\t\t\t<div class=\"elementor-element elementor-element-9d4754f elementor-widget elementor-widget-slider_revolution\" data-id=\"9d4754f\" data-element_type=\"widget\" data-e-type=\"widget\" data-widget_type=\"slider_revolution.default\">\n\t\t\t\t<div class=\"elementor-widget-container\">\n\t\t\t\t\t\n\t\t<div class=\"wp-block-themepunch-revslider\">\n\t\t\t\t<p class=\"rs-p-wp-fix\"><\/p>\n\t\t\t\t<sr7-module data-alias=\"teatro-1\" data-id=\"16\" id=\"SR7_16_1\" class=\"rs-ov-hidden\" data-version=\"6.7.18\">\n\t\t\t\t\t<sr7-adjuster><\/sr7-adjuster>\n\t\t\t\t\t<sr7-content>\n\t\t\t\t\t\t<sr7-slide id=\"SR7_16_1-54\" data-key=\"54\">\n\t\t\t\t\t\t\t<sr7-bg id=\"SR7_16_1-54-4\" class=\"sr7-layer\"><noscript><img decoding=\"async\" src=\"https:\/\/voy.pe\/uni6a\/wp-content\/uploads\/2025\/01\/teatro.jpg\" alt=\"\" title=\"teatro\"><\/noscript><\/sr7-bg>\n\t\t\t\t\t\t\t<sr7-txt id=\"SR7_16_1-54-1\" class=\"sr7-layer\">INICIO DE<\/sr7-txt>\n\t\t\t\t\t\t\t<sr7-txt id=\"SR7_16_1-54-2\" class=\"sr7-layer\">TEMPORADA 2025<\/sr7-txt>\n\t\t\t\t\t\t<\/sr7-slide>\n\t\t\t\t\t\t<sr7-slide id=\"SR7_16_1-55\" data-key=\"55\">\n\t\t\t\t\t\t\t<sr7-bg id=\"SR7_16_1-55-4\" class=\"sr7-layer\"><noscript><img decoding=\"async\" src=\"https:\/\/voy.pe\/uni6a\/wp-content\/uploads\/2025\/01\/teatro2.jpg\" alt=\"\" title=\"teatro2\"><\/noscript><\/sr7-bg>\n\t\t\t\t\t\t\t<sr7-txt id=\"SR7_16_1-55-1\" class=\"sr7-layer\">PRESENTACI\u00d3N<\/sr7-txt>\n\t\t\t\t\t\t\t<sr7-txt id=\"SR7_16_1-55-2\" class=\"sr7-layer\">SINFONICA DE LA UNI<\/sr7-txt>\n\t\t\t\t\t\t<\/sr7-slide>\n\t\t\t\t\t\t<sr7-slide id=\"SR7_16_1-56\" data-key=\"56\">\n\t\t\t\t\t\t<\/sr7-slide>\n\t\t\t\t\t<\/sr7-content>\n\t\t\t\t\t<image_lists style=\"display:none\">\n\t\t\t\t\t\t<img data-src=\"\/\/voy.pe\/uni6a\/wp-content\/uploads\/2025\/01\/teatro.jpg\" data-libid=\"13279\" data-lib=\"medialibrary\" title=\"teatro\" width=\"0\" height=\"0\" data-dbsrc=\"Ly92b3kucGUvdW5pNmEvd3AtY29udGVudC91cGxvYWRzLzIwMjUvMDEvdGVhdHJvLmpwZw==\"\/>\n\t\t\t\t\t\t<img data-src=\"\/\/voy.pe\/uni6a\/wp-content\/uploads\/2025\/01\/teatro2.jpg\" data-libid=\"13280\" data-lib=\"medialibrary\" title=\"teatro2\" width=\"0\" height=\"0\" data-dbsrc=\"Ly92b3kucGUvdW5pNmEvd3AtY29udGVudC91cGxvYWRzLzIwMjUvMDEvdGVhdHJvMi5qcGc=\"\/>\n\t\t\t\t\t<\/image_lists>\n\t\t\t\t<\/sr7-module>\n\t\t\t\t<script>\n\t\t\t\t\tSR7.PMH ??={}; SR7.PMH[\"SR7_16_1\"] = {cn:0,state:false,fn: function() { if (_tpt!==undefined && _tpt.prepareModuleHeight !== undefined) {  _tpt.prepareModuleHeight({id:\"SR7_16_1\",el:[720,720,720,720,500],type:'standard',shdw:'0',gh:[720,720,720,720,500],gw:[1640,1640,1640,1640,375],vpt:['100px&#039;,&#039;100px&#039;,&#039;100px&#039;,&#039;100px&#039;,&#039;100px'],size:{fullWidth:false, fullHeight:false},mh:'0',onh:0,onw:0,bg:{color:'{\"orig\":\"transparent\",\"type\":\"solid\",\"string\":\"transparent\"}'}});   SR7.PMH[\"SR7_16_1\"].state=true;} else if((SR7.PMH[\"SR7_16_1\"].cn++)<100)\tsetTimeout( SR7.PMH[\"SR7_16_1\"].fn,19);}};SR7.PMH[\"SR7_16_1\" ].fn();\n\t\t\t\t<\/script>\n<\/div>\n\n\t\t\t\t\t\t<\/div>\n\t\t\t\t<\/div>\n\t\t\t\t<div class=\"elementor-element elementor-element-6a10417 elementor-widget elementor-widget-spacer\" data-id=\"6a10417\" data-element_type=\"widget\" data-e-type=\"widget\" data-widget_type=\"spacer.default\">\n\t\t\t\t<div class=\"elementor-widget-container\">\n\t\t\t\t\t\t\t<div class=\"elementor-spacer\">\n\t\t\t<div class=\"elementor-spacer-inner\"><\/div>\n\t\t<\/div>\n\t\t\t\t\t\t<\/div>\n\t\t\t\t<\/div>\n\t\t\t\t\t<\/div>\n\t\t\t\t<\/div>\n\t\t<div class=\"elementor-element elementor-element-0c401b7 e-flex e-con-boxed e-con e-parent\" data-id=\"0c401b7\" data-element_type=\"container\" data-e-type=\"container\">\n\t\t\t\t\t<div class=\"e-con-inner\">\n\t\t<div class=\"elementor-element elementor-element-50164ef e-con-full e-flex e-con e-child\" data-id=\"50164ef\" data-element_type=\"container\" data-e-type=\"container\">\n\t\t<div class=\"elementor-element elementor-element-66445e2 e-con-full e-flex e-con e-child\" data-id=\"66445e2\" data-element_type=\"container\" data-e-type=\"container\">\n\t\t\t\t<div class=\"elementor-element elementor-element-570c074 elementor-widget elementor-widget-heading\" data-id=\"570c074\" data-element_type=\"widget\" data-e-type=\"widget\" data-widget_type=\"heading.default\">\n\t\t\t\t<div class=\"elementor-widget-container\">\n\t\t\t\t\t<h2 class=\"elementor-heading-title elementor-size-default\">Servicios<\/h2>\t\t\t\t<\/div>\n\t\t\t\t<\/div>\n\t\t\t\t<\/div>\n\t\t<div class=\"elementor-element elementor-element-3aa996a e-con-full e-flex e-con e-child\" data-id=\"3aa996a\" data-element_type=\"container\" data-e-type=\"container\">\n\t\t\t\t<div class=\"elementor-element elementor-element-a84548e elementor-widget elementor-widget-text-editor\" data-id=\"a84548e\" data-element_type=\"widget\" data-e-type=\"widget\" data-widget_type=\"text-editor.default\">\n\t\t\t\t<div class=\"elementor-widget-container\">\n\t\t\t\t\t\t\t\t\t<p>El Coliseo Guido Del Castillo ofrece diversos servicios para la comunidad universitaria, entre ellos:<\/p><ul><li>Espacios para la pr\u00e1ctica deportiva, como b\u00e1squet, v\u00f3ley y f\u00fatbol sala.<\/li><li>Escenarios para torneos y campeonatos internos y externos.<\/li><li>\u00c1reas para entrenamientos de selecciones deportivas y estudiantes.<\/li><li>Uso para eventos culturales y acad\u00e9micos, como ceremonias y presentaciones.<\/li><li>Zonas de vestuarios y servicios complementarios para deportistas.<\/li><\/ul>\t\t\t\t\t\t\t\t<\/div>\n\t\t\t\t<\/div>\n\t\t\t\t<\/div>\n\t\t\t\t<\/div>\n\t\t\t\t\t<\/div>\n\t\t\t\t<\/div>\n\t\t<div class=\"elementor-element elementor-element-5e96bc4 e-flex e-con-boxed e-con e-parent\" data-id=\"5e96bc4\" data-element_type=\"container\" data-e-type=\"container\">\n\t\t\t\t\t<div class=\"e-con-inner\">\n\t\t<div class=\"elementor-element elementor-element-215ea0a e-con-full e-flex e-con e-child\" data-id=\"215ea0a\" data-element_type=\"container\" data-e-type=\"container\">\n\t\t<div class=\"elementor-element elementor-element-0a281ff e-con-full e-flex e-con e-child\" data-id=\"0a281ff\" data-element_type=\"container\" data-e-type=\"container\">\n\t\t\t\t<div class=\"elementor-element elementor-element-4cd7483 elementor-widget elementor-widget-heading\" data-id=\"4cd7483\" data-element_type=\"widget\" data-e-type=\"widget\" data-widget_type=\"heading.default\">\n\t\t\t\t<div class=\"elementor-widget-container\">\n\t\t\t\t\t<h2 class=\"elementor-heading-title elementor-size-default\">Rese\u00f1a Hist\u00f3rica<\/h2>\t\t\t\t<\/div>\n\t\t\t\t<\/div>\n\t\t\t\t<\/div>\n\t\t<div class=\"elementor-element elementor-element-8daa879 e-con-full e-flex e-con e-child\" data-id=\"8daa879\" data-element_type=\"container\" data-e-type=\"container\">\n\t\t\t\t<div class=\"elementor-element elementor-element-2bfe43d elementor-widget elementor-widget-text-editor\" data-id=\"2bfe43d\" data-element_type=\"widget\" data-e-type=\"widget\" data-widget_type=\"text-editor.default\">\n\t\t\t\t<div class=\"elementor-widget-container\">\n\t\t\t\t\t\t\t\t\t<p>El Coliseo Guido Del Castillo fue construido para el deporte y eventos institucionales. Ha acogido competencias internas y externas, impulsando el deporte universitario. Con mejoras en su infraestructura, se ha consolidado como un espacio clave para la integraci\u00f3n y el bienestar estudiantil.<\/p>\t\t\t\t\t\t\t\t<\/div>\n\t\t\t\t<\/div>\n\t\t\t\t<\/div>\n\t\t\t\t<\/div>\n\t\t\t\t\t<\/div>\n\t\t\t\t<\/div>\n\t\t<div class=\"elementor-element elementor-element-18885f4 e-flex e-con-boxed e-con e-parent\" data-id=\"18885f4\" data-element_type=\"container\" data-e-type=\"container\">\n\t\t\t\t\t<div class=\"e-con-inner\">\n\t\t<div class=\"elementor-element elementor-element-727fcb7 e-con-full e-flex e-con e-child\" data-id=\"727fcb7\" data-element_type=\"container\" data-e-type=\"container\">\n\t\t<div class=\"elementor-element elementor-element-a24cb54 e-con-full e-flex e-con e-child\" data-id=\"a24cb54\" data-element_type=\"container\" data-e-type=\"container\">\n\t\t\t\t<div class=\"elementor-element elementor-element-3cf2fb0 elementor-widget elementor-widget-heading\" data-id=\"3cf2fb0\" data-element_type=\"widget\" data-e-type=\"widget\" data-widget_type=\"heading.default\">\n\t\t\t\t<div class=\"elementor-widget-container\">\n\t\t\t\t\t<h2 class=\"elementor-heading-title elementor-size-default\">Misi\u00f3n<\/h2>\t\t\t\t<\/div>\n\t\t\t\t<\/div>\n\t\t\t\t<\/div>\n\t\t<div class=\"elementor-element elementor-element-8d01a82 e-con-full e-flex e-con e-child\" data-id=\"8d01a82\" data-element_type=\"container\" data-e-type=\"container\">\n\t\t\t\t<div class=\"elementor-element elementor-element-4e8ca7f elementor-widget elementor-widget-text-editor\" data-id=\"4e8ca7f\" data-element_type=\"widget\" data-e-type=\"widget\" data-widget_type=\"text-editor.default\">\n\t\t\t\t<div class=\"elementor-widget-container\">\n\t\t\t\t\t\t\t\t\t<p><span style=\"font-family: 'Arial',sans-serif;\">Proporcionar un espacio adecuado para la pr\u00e1ctica deportiva, la realizaci\u00f3n de eventos acad\u00e9micos y culturales, promoviendo la integraci\u00f3n, el bienestar f\u00edsico y el desarrollo de la comunidad universitaria.<\/span><\/p>\t\t\t\t\t\t\t\t<\/div>\n\t\t\t\t<\/div>\n\t\t\t\t<\/div>\n\t\t\t\t<\/div>\n\t\t\t\t\t<\/div>\n\t\t\t\t<\/div>\n\t\t<div class=\"elementor-element elementor-element-0e66e1e e-flex e-con-boxed e-con e-parent\" data-id=\"0e66e1e\" data-element_type=\"container\" data-e-type=\"container\">\n\t\t\t\t\t<div class=\"e-con-inner\">\n\t\t<div class=\"elementor-element elementor-element-356a925 e-con-full e-flex e-con e-child\" data-id=\"356a925\" data-element_type=\"container\" data-e-type=\"container\">\n\t\t<div class=\"elementor-element elementor-element-e9797ca e-con-full e-flex e-con e-child\" data-id=\"e9797ca\" data-element_type=\"container\" data-e-type=\"container\">\n\t\t\t\t<div class=\"elementor-element elementor-element-987004f elementor-widget elementor-widget-heading\" data-id=\"987004f\" data-element_type=\"widget\" data-e-type=\"widget\" data-widget_type=\"heading.default\">\n\t\t\t\t<div class=\"elementor-widget-container\">\n\t\t\t\t\t<h2 class=\"elementor-heading-title elementor-size-default\">Visi\u00f3n<\/h2>\t\t\t\t<\/div>\n\t\t\t\t<\/div>\n\t\t\t\t<\/div>\n\t\t<div class=\"elementor-element elementor-element-421a686 e-con-full e-flex e-con e-child\" data-id=\"421a686\" data-element_type=\"container\" data-e-type=\"container\">\n\t\t\t\t<div class=\"elementor-element elementor-element-60fee17 elementor-widget elementor-widget-text-editor\" data-id=\"60fee17\" data-element_type=\"widget\" data-e-type=\"widget\" data-widget_type=\"text-editor.default\">\n\t\t\t\t<div class=\"elementor-widget-container\">\n\t\t\t\t\t\t\t\t\t<p><span style=\"font-family: 'Arial',sans-serif;\">Consolidarse como un centro deportivo y recreativo de alto nivel, con infraestructura moderna y servicios de calidad, fomentando el deporte, la salud y la convivencia dentro y fuera de la universidad.<\/span><\/p>\t\t\t\t\t\t\t\t<\/div>\n\t\t\t\t<\/div>\n\t\t\t\t<\/div>\n\t\t\t\t<\/div>\n\t\t\t\t\t<\/div>\n\t\t\t\t<\/div>\n\t\t\t\t<\/div>\n\t\t","protected":false},"excerpt":{"rendered":"<p>Servicios El Coliseo Guido Del Castillo ofrece diversos servicios para la comunidad universitaria, entre ellos: Espacios para la pr\u00e1ctica deportiva, como b\u00e1squet, v\u00f3ley y f\u00fatbol sala. Escenarios para torneos y [&hellip;]<\/p>\n","protected":false},"author":6,"featured_media":0,"parent":0,"menu_order":0,"comment_status":"closed","ping_status":"closed","template":"","meta":{"footnotes":""},"class_list":["post-15298","page","type-page","status-publish","hentry"],"_links":{"self":[{"href":"https:\/\/voy.pe\/uni6a\/wp-json\/wp\/v2\/pages\/15298","targetHints":{"allow":["GET"]}}],"collection":[{"href":"https:\/\/voy.pe\/uni6a\/wp-json\/wp\/v2\/pages"}],"about":[{"href":"https:\/\/voy.pe\/uni6a\/wp-json\/wp\/v2\/types\/page"}],"author":[{"embeddable":true,"href":"https:\/\/voy.pe\/uni6a\/wp-json\/wp\/v2\/users\/6"}],"replies":[{"embeddable":true,"href":"https:\/\/voy.pe\/uni6a\/wp-json\/wp\/v2\/comments?post=15298"}],"version-history":[{"count":7,"href":"https:\/\/voy.pe\/uni6a\/wp-json\/wp\/v2\/pages\/15298\/revisions"}],"predecessor-version":[{"id":15326,"href":"https:\/\/voy.pe\/uni6a\/wp-json\/wp\/v2\/pages\/15298\/revisions\/15326"}],"wp:attachment":[{"href":"https:\/\/voy.pe\/uni6a\/wp-json\/wp\/v2\/media?parent=15298"}],"curies":[{"name":"wp","href":"https:\/\/api.w.org\/{rel}","templated":true}]}}